{"id":1444474,"date":"2023-10-03T06:57:36","date_gmt":"2023-10-03T06:57:36","guid":{"rendered":"https:\/\/eurocarsbedrijfswagens.nl\/?page_id=1444474"},"modified":"2023-10-03T06:57:36","modified_gmt":"2023-10-03T06:57:36","slug":"bedankt-voor-je-interesse","status":"publish","type":"page","link":"https:\/\/eurocarsbedrijfswagens.nl\/fr\/bedankt-voor-je-interesse\/","title":{"rendered":"Merci pour votre int\u00e9r\u00eat !"},"content":{"rendered":"","protected":false},"excerpt":{"rendered":"","protected":false},"author":26,"featured_media":0,"parent":0,"menu_order":0,"comment_status":"closed","ping_status":"closed","template":"","meta":{"_acf_changed":false,"footnotes":""},"class_list":["post-1444474","page","type-page","status-publish","hentry"],"acf":[],"yoast_head":"<!-- This site is optimized with the Yoast SEO plugin v25.9 - https:\/\/yoast.com\/wordpress\/plugins\/seo\/ -->\n<title>Bedankt voor je interesse! - Eurocars Bedrijfswagens<\/title>\n<meta name=\"description\" content=\"We waarderen het dat je de tijd hebt genomen om ons te helpen verbeteren.\" \/>\n<meta name=\"robots\" content=\"index, follow, max-snippet:-1, max-image-preview:large, max-video-preview:-1\" \/>\n<link rel=\"canonical\" href=\"https:\/\/eurocarsbedrijfswagens.nl\/fr\/bedankt-voor-je-interesse\/\" \/>\n<meta property=\"og:locale\" content=\"fr_FR\" \/>\n<meta property=\"og:type\" content=\"article\" \/>\n<meta property=\"og:title\" content=\"Bedankt voor je interesse! - Eurocars Bedrijfswagens\" \/>\n<meta property=\"og:description\" content=\"We waarderen het dat je de tijd hebt genomen om ons te helpen verbeteren.\" \/>\n<meta property=\"og:url\" content=\"https:\/\/eurocarsbedrijfswagens.nl\/fr\/bedankt-voor-je-interesse\/\" \/>\n<meta property=\"og:site_name\" content=\"Eurocars Bedrijfswagens\" \/>\n<meta name=\"twitter:card\" content=\"summary_large_image\" \/>\n<script type=\"application\/ld+json\" class=\"yoast-schema-graph\">{\"@context\":\"https:\/\/schema.org\",\"@graph\":[{\"@type\":\"WebPage\",\"@id\":\"https:\/\/eurocarsbedrijfswagens.nl\/bedankt-voor-je-interesse\/\",\"url\":\"https:\/\/eurocarsbedrijfswagens.nl\/bedankt-voor-je-interesse\/\",\"name\":\"Bedankt voor je interesse! - Eurocars Bedrijfswagens\",\"isPartOf\":{\"@id\":\"https:\/\/eurocarsbedrijfswagens.nl\/#website\"},\"datePublished\":\"2023-10-03T06:57:36+00:00\",\"description\":\"We waarderen het dat je de tijd hebt genomen om ons te helpen verbeteren.\",\"breadcrumb\":{\"@id\":\"https:\/\/eurocarsbedrijfswagens.nl\/bedankt-voor-je-interesse\/#breadcrumb\"},\"inLanguage\":\"fr-FR\",\"potentialAction\":[{\"@type\":\"ReadAction\",\"target\":[\"https:\/\/eurocarsbedrijfswagens.nl\/bedankt-voor-je-interesse\/\"]}]},{\"@type\":\"BreadcrumbList\",\"@id\":\"https:\/\/eurocarsbedrijfswagens.nl\/bedankt-voor-je-interesse\/#breadcrumb\",\"itemListElement\":[{\"@type\":\"ListItem\",\"position\":1,\"name\":\"Home\",\"item\":\"https:\/\/eurocarsbedrijfswagens.nl\/\"},{\"@type\":\"ListItem\",\"position\":2,\"name\":\"Bedankt voor je interesse!\"}]},{\"@type\":\"WebSite\",\"@id\":\"https:\/\/eurocarsbedrijfswagens.nl\/#website\",\"url\":\"https:\/\/eurocarsbedrijfswagens.nl\/\",\"name\":\"Eurocars Bedrijfswagens\",\"description\":\"Bij Eurocars koop of lease je een bedrijfswagen tegen een zeer scherp tarief.\",\"potentialAction\":[{\"@type\":\"SearchAction\",\"target\":{\"@type\":\"EntryPoint\",\"urlTemplate\":\"https:\/\/eurocarsbedrijfswagens.nl\/?s={search_term_string}\"},\"query-input\":{\"@type\":\"PropertyValueSpecification\",\"valueRequired\":true,\"valueName\":\"search_term_string\"}}],\"inLanguage\":\"fr-FR\"}]}<\/script>\n<!-- \/ Yoast SEO plugin. -->","yoast_head_json":{"title":"Bedankt voor je interesse! - Eurocars Bedrijfswagens","description":"Nous vous remercions d\u2019avoir pris le temps de nous aider \u00e0 nous am\u00e9liorer.","robots":{"index":"index","follow":"follow","max-snippet":"max-snippet:-1","max-image-preview":"max-image-preview:large","max-video-preview":"max-video-preview:-1"},"canonical":"https:\/\/eurocarsbedrijfswagens.nl\/fr\/bedankt-voor-je-interesse\/","og_locale":"fr_FR","og_type":"article","og_title":"Bedankt voor je interesse! - Eurocars Bedrijfswagens","og_description":"We waarderen het dat je de tijd hebt genomen om ons te helpen verbeteren.","og_url":"https:\/\/eurocarsbedrijfswagens.nl\/fr\/bedankt-voor-je-interesse\/","og_site_name":"Eurocars Bedrijfswagens","twitter_card":"summary_large_image","schema":{"@context":"https:\/\/schema.org","@graph":[{"@type":"WebPage","@id":"https:\/\/eurocarsbedrijfswagens.nl\/bedankt-voor-je-interesse\/","url":"https:\/\/eurocarsbedrijfswagens.nl\/bedankt-voor-je-interesse\/","name":"Bedankt voor je interesse! - Eurocars Bedrijfswagens","isPartOf":{"@id":"https:\/\/eurocarsbedrijfswagens.nl\/#website"},"datePublished":"2023-10-03T06:57:36+00:00","description":"Nous vous remercions d\u2019avoir pris le temps de nous aider \u00e0 nous am\u00e9liorer.","breadcrumb":{"@id":"https:\/\/eurocarsbedrijfswagens.nl\/bedankt-voor-je-interesse\/#breadcrumb"},"inLanguage":"fr-FR","potentialAction":[{"@type":"ReadAction","target":["https:\/\/eurocarsbedrijfswagens.nl\/bedankt-voor-je-interesse\/"]}]},{"@type":"BreadcrumbList","@id":"https:\/\/eurocarsbedrijfswagens.nl\/bedankt-voor-je-interesse\/#breadcrumb","itemListElement":[{"@type":"ListItem","position":1,"name":"Home","item":"https:\/\/eurocarsbedrijfswagens.nl\/"},{"@type":"ListItem","position":2,"name":"Bedankt voor je interesse!"}]},{"@type":"WebSite","@id":"https:\/\/eurocarsbedrijfswagens.nl\/#website","url":"https:\/\/eurocarsbedrijfswagens.nl\/","name":"V\u00e9hicules utilitaires Eurocars","description":"Chez Eurocars, vous pouvez acheter ou louer une voiture de soci\u00e9t\u00e9 \u00e0 un tarif tr\u00e8s comp\u00e9titif.","potentialAction":[{"@type":"SearchAction","target":{"@type":"EntryPoint","urlTemplate":"https:\/\/eurocarsbedrijfswagens.nl\/?s={search_term_string}"},"query-input":{"@type":"PropertyValueSpecification","valueRequired":true,"valueName":"search_term_string"}}],"inLanguage":"fr-FR"}]}},"_links":{"self":[{"href":"https:\/\/eurocarsbedrijfswagens.nl\/fr\/wp-json\/wp\/v2\/pages\/1444474","targetHints":{"allow":["GET"]}}],"collection":[{"href":"https:\/\/eurocarsbedrijfswagens.nl\/fr\/wp-json\/wp\/v2\/pages"}],"about":[{"href":"https:\/\/eurocarsbedrijfswagens.nl\/fr\/wp-json\/wp\/v2\/types\/page"}],"author":[{"embeddable":true,"href":"https:\/\/eurocarsbedrijfswagens.nl\/fr\/wp-json\/wp\/v2\/users\/26"}],"replies":[{"embeddable":true,"href":"https:\/\/eurocarsbedrijfswagens.nl\/fr\/wp-json\/wp\/v2\/comments?post=1444474"}],"version-history":[{"count":2,"href":"https:\/\/eurocarsbedrijfswagens.nl\/fr\/wp-json\/wp\/v2\/pages\/1444474\/revisions"}],"predecessor-version":[{"id":1444476,"href":"https:\/\/eurocarsbedrijfswagens.nl\/fr\/wp-json\/wp\/v2\/pages\/1444474\/revisions\/1444476"}],"wp:attachment":[{"href":"https:\/\/eurocarsbedrijfswagens.nl\/fr\/wp-json\/wp\/v2\/media?parent=1444474"}],"curies":[{"name":"wp","href":"https:\/\/api.w.org\/{rel}","templated":true}]}}