{"id":1528599,"date":"2023-11-15T13:55:41","date_gmt":"2023-11-15T13:55:41","guid":{"rendered":"https:\/\/eurocarsbedrijfswagens.nl\/?page_id=1528599"},"modified":"2023-11-23T11:26:57","modified_gmt":"2023-11-23T11:26:57","slug":"financial-lease-elektrische-bedrijfswagen","status":"publish","type":"page","link":"https:\/\/eurocarsbedrijfswagens.nl\/fr\/financial-lease-elektrische-bedrijfswagen\/","title":{"rendered":"Cr\u00e9dit-bail \u00e9lectrique"},"content":{"rendered":"","protected":false},"excerpt":{"rendered":"","protected":false},"author":9,"featured_media":0,"parent":0,"menu_order":0,"comment_status":"closed","ping_status":"closed","template":"","meta":{"_acf_changed":false,"footnotes":""},"class_list":["post-1528599","page","type-page","status-publish","hentry"],"acf":[],"yoast_head":"<!-- This site is optimized with the Yoast SEO plugin v25.9 - https:\/\/yoast.com\/wordpress\/plugins\/seo\/ -->\n<title>Financial lease naar elektrisch - Eurocars Bedrijfswagens<\/title>\n<meta name=\"description\" content=\"Koop of lease een bedrijfswagen bij Eurocars Bedrijfswagens \u2713Geen jaarcijfers nodig \u2713Niet goed, geld terug \u2713Gratis thuisbezorgd.\" \/>\n<meta name=\"robots\" content=\"index, follow, max-snippet:-1, max-image-preview:large, max-video-preview:-1\" \/>\n<link rel=\"canonical\" href=\"https:\/\/eurocarsbedrijfswagens.nl\/fr\/financial-lease-elektrische-bedrijfswagen\/\" \/>\n<meta property=\"og:locale\" content=\"fr_FR\" \/>\n<meta property=\"og:type\" content=\"article\" \/>\n<meta property=\"og:title\" content=\"Financial lease naar elektrisch - Eurocars Bedrijfswagens\" \/>\n<meta property=\"og:description\" content=\"Koop of lease een bedrijfswagen bij Eurocars Bedrijfswagens \u2713Geen jaarcijfers nodig \u2713Niet goed, geld terug \u2713Gratis thuisbezorgd.\" \/>\n<meta property=\"og:url\" content=\"https:\/\/eurocarsbedrijfswagens.nl\/fr\/financial-lease-elektrische-bedrijfswagen\/\" \/>\n<meta property=\"og:site_name\" content=\"Eurocars Bedrijfswagens\" \/>\n<meta property=\"article:modified_time\" content=\"2023-11-23T11:26:57+00:00\" \/>\n<meta name=\"twitter:card\" content=\"summary_large_image\" \/>\n<script type=\"application\/ld+json\" class=\"yoast-schema-graph\">{\"@context\":\"https:\/\/schema.org\",\"@graph\":[{\"@type\":\"WebPage\",\"@id\":\"https:\/\/eurocarsbedrijfswagens.nl\/financial-lease-elektrische-bedrijfswagen\/\",\"url\":\"https:\/\/eurocarsbedrijfswagens.nl\/financial-lease-elektrische-bedrijfswagen\/\",\"name\":\"Financial lease naar elektrisch - Eurocars Bedrijfswagens\",\"isPartOf\":{\"@id\":\"https:\/\/eurocarsbedrijfswagens.nl\/#website\"},\"datePublished\":\"2023-11-15T13:55:41+00:00\",\"dateModified\":\"2023-11-23T11:26:57+00:00\",\"description\":\"Koop of lease een bedrijfswagen bij Eurocars Bedrijfswagens \u2713Geen jaarcijfers nodig \u2713Niet goed, geld terug \u2713Gratis thuisbezorgd.\",\"breadcrumb\":{\"@id\":\"https:\/\/eurocarsbedrijfswagens.nl\/financial-lease-elektrische-bedrijfswagen\/#breadcrumb\"},\"inLanguage\":\"fr-FR\",\"potentialAction\":[{\"@type\":\"ReadAction\",\"target\":[\"https:\/\/eurocarsbedrijfswagens.nl\/financial-lease-elektrische-bedrijfswagen\/\"]}]},{\"@type\":\"BreadcrumbList\",\"@id\":\"https:\/\/eurocarsbedrijfswagens.nl\/financial-lease-elektrische-bedrijfswagen\/#breadcrumb\",\"itemListElement\":[{\"@type\":\"ListItem\",\"position\":1,\"name\":\"Home\",\"item\":\"https:\/\/eurocarsbedrijfswagens.nl\/\"},{\"@type\":\"ListItem\",\"position\":2,\"name\":\"Financial lease naar elektrisch\"}]},{\"@type\":\"WebSite\",\"@id\":\"https:\/\/eurocarsbedrijfswagens.nl\/#website\",\"url\":\"https:\/\/eurocarsbedrijfswagens.nl\/\",\"name\":\"Eurocars Bedrijfswagens\",\"description\":\"Bij Eurocars koop of lease je een bedrijfswagen tegen een zeer scherp tarief.\",\"potentialAction\":[{\"@type\":\"SearchAction\",\"target\":{\"@type\":\"EntryPoint\",\"urlTemplate\":\"https:\/\/eurocarsbedrijfswagens.nl\/?s={search_term_string}\"},\"query-input\":{\"@type\":\"PropertyValueSpecification\",\"valueRequired\":true,\"valueName\":\"search_term_string\"}}],\"inLanguage\":\"fr-FR\"}]}<\/script>\n<!-- \/ Yoast SEO plugin. -->","yoast_head_json":{"title":"Location financi\u00e8re pour v\u00e9hicules \u00e9lectriques - Eurocars V\u00e9hicules Utilitaires","description":"Achetez ou louez un v\u00e9hicule utilitaire chez Eurocars V\u00e9hicules Utilitaires \u2713Aucun chiffre annuel requis \u2713Garantie de remboursement \u2713Livraison \u00e0 domicile gratuite.","robots":{"index":"index","follow":"follow","max-snippet":"max-snippet:-1","max-image-preview":"max-image-preview:large","max-video-preview":"max-video-preview:-1"},"canonical":"https:\/\/eurocarsbedrijfswagens.nl\/fr\/financial-lease-elektrische-bedrijfswagen\/","og_locale":"fr_FR","og_type":"article","og_title":"Financial lease naar elektrisch - Eurocars Bedrijfswagens","og_description":"Koop of lease een bedrijfswagen bij Eurocars Bedrijfswagens \u2713Geen jaarcijfers nodig \u2713Niet goed, geld terug \u2713Gratis thuisbezorgd.","og_url":"https:\/\/eurocarsbedrijfswagens.nl\/fr\/financial-lease-elektrische-bedrijfswagen\/","og_site_name":"Eurocars Bedrijfswagens","article_modified_time":"2023-11-23T11:26:57+00:00","twitter_card":"summary_large_image","schema":{"@context":"https:\/\/schema.org","@graph":[{"@type":"WebPage","@id":"https:\/\/eurocarsbedrijfswagens.nl\/financial-lease-elektrische-bedrijfswagen\/","url":"https:\/\/eurocarsbedrijfswagens.nl\/financial-lease-elektrische-bedrijfswagen\/","name":"Location financi\u00e8re pour v\u00e9hicules \u00e9lectriques - Eurocars V\u00e9hicules Utilitaires","isPartOf":{"@id":"https:\/\/eurocarsbedrijfswagens.nl\/#website"},"datePublished":"2023-11-15T13:55:41+00:00","dateModified":"2023-11-23T11:26:57+00:00","description":"Achetez ou louez un v\u00e9hicule utilitaire chez Eurocars V\u00e9hicules Utilitaires \u2713Aucun chiffre annuel requis \u2713Garantie de remboursement \u2713Livraison \u00e0 domicile gratuite.","breadcrumb":{"@id":"https:\/\/eurocarsbedrijfswagens.nl\/financial-lease-elektrische-bedrijfswagen\/#breadcrumb"},"inLanguage":"fr-FR","potentialAction":[{"@type":"ReadAction","target":["https:\/\/eurocarsbedrijfswagens.nl\/financial-lease-elektrische-bedrijfswagen\/"]}]},{"@type":"BreadcrumbList","@id":"https:\/\/eurocarsbedrijfswagens.nl\/financial-lease-elektrische-bedrijfswagen\/#breadcrumb","itemListElement":[{"@type":"ListItem","position":1,"name":"Home","item":"https:\/\/eurocarsbedrijfswagens.nl\/"},{"@type":"ListItem","position":2,"name":"Financial lease naar elektrisch"}]},{"@type":"WebSite","@id":"https:\/\/eurocarsbedrijfswagens.nl\/#website","url":"https:\/\/eurocarsbedrijfswagens.nl\/","name":"V\u00e9hicules utilitaires Eurocars","description":"Chez Eurocars, vous pouvez acheter ou louer une voiture de soci\u00e9t\u00e9 \u00e0 un tarif tr\u00e8s comp\u00e9titif.","potentialAction":[{"@type":"SearchAction","target":{"@type":"EntryPoint","urlTemplate":"https:\/\/eurocarsbedrijfswagens.nl\/?s={search_term_string}"},"query-input":{"@type":"PropertyValueSpecification","valueRequired":true,"valueName":"search_term_string"}}],"inLanguage":"fr-FR"}]}},"_links":{"self":[{"href":"https:\/\/eurocarsbedrijfswagens.nl\/fr\/wp-json\/wp\/v2\/pages\/1528599","targetHints":{"allow":["GET"]}}],"collection":[{"href":"https:\/\/eurocarsbedrijfswagens.nl\/fr\/wp-json\/wp\/v2\/pages"}],"about":[{"href":"https:\/\/eurocarsbedrijfswagens.nl\/fr\/wp-json\/wp\/v2\/types\/page"}],"author":[{"embeddable":true,"href":"https:\/\/eurocarsbedrijfswagens.nl\/fr\/wp-json\/wp\/v2\/users\/9"}],"replies":[{"embeddable":true,"href":"https:\/\/eurocarsbedrijfswagens.nl\/fr\/wp-json\/wp\/v2\/comments?post=1528599"}],"version-history":[{"count":8,"href":"https:\/\/eurocarsbedrijfswagens.nl\/fr\/wp-json\/wp\/v2\/pages\/1528599\/revisions"}],"predecessor-version":[{"id":1539728,"href":"https:\/\/eurocarsbedrijfswagens.nl\/fr\/wp-json\/wp\/v2\/pages\/1528599\/revisions\/1539728"}],"wp:attachment":[{"href":"https:\/\/eurocarsbedrijfswagens.nl\/fr\/wp-json\/wp\/v2\/media?parent=1528599"}],"curies":[{"name":"wp","href":"https:\/\/api.w.org\/{rel}","templated":true}]}}