{"id":2281225,"date":"2024-05-21T13:00:33","date_gmt":"2024-05-21T13:00:33","guid":{"rendered":"https:\/\/eurocarsbedrijfswagens.nl\/?page_id=2281225"},"modified":"2025-08-19T10:23:15","modified_gmt":"2025-08-19T08:23:15","slug":"elektrische-bedrijfswagen","status":"publish","type":"page","link":"https:\/\/eurocarsbedrijfswagens.nl\/fr\/elektrische-bedrijfswagen\/","title":{"rendered":"V\u00e9hicule utilitaire \u00e9lectrique"},"content":{"rendered":"","protected":false},"excerpt":{"rendered":"","protected":false},"author":26,"featured_media":0,"parent":0,"menu_order":0,"comment_status":"closed","ping_status":"closed","template":"","meta":{"_acf_changed":false,"footnotes":""},"class_list":["post-2281225","page","type-page","status-publish","hentry"],"acf":[],"yoast_head":"<!-- This site is optimized with the Yoast SEO plugin v25.9 - https:\/\/yoast.com\/wordpress\/plugins\/seo\/ -->\n<title>Elektrische bedrijfswagen - Eurocars Bedrijfswagens<\/title>\n<meta name=\"description\" content=\"Een elektrische bedrijfswagen kopen of financieren doe je bij Eurocars Bedrijfswagens. Diverse modellen en uitvoeringen, voor ieder wat wils.\" \/>\n<meta name=\"robots\" content=\"index, follow, max-snippet:-1, max-image-preview:large, max-video-preview:-1\" \/>\n<link rel=\"canonical\" href=\"https:\/\/www.eurocars.nl\/elektrische-bedrijfswagen-kopen\/\" \/>\n<meta property=\"og:locale\" content=\"fr_FR\" \/>\n<meta property=\"og:type\" content=\"article\" \/>\n<meta property=\"og:title\" content=\"Elektrische bedrijfswagen - Eurocars Bedrijfswagens\" \/>\n<meta property=\"og:description\" content=\"Een elektrische bedrijfswagen kopen of financieren doe je bij Eurocars Bedrijfswagens. Diverse modellen en uitvoeringen, voor ieder wat wils.\" \/>\n<meta property=\"og:url\" content=\"https:\/\/www.eurocars.nl\/elektrische-bedrijfswagen-kopen\/\" \/>\n<meta property=\"og:site_name\" content=\"Eurocars Bedrijfswagens\" \/>\n<meta property=\"article:modified_time\" content=\"2025-08-19T08:23:15+00:00\" \/>\n<meta name=\"twitter:card\" content=\"summary_large_image\" \/>\n<script type=\"application\/ld+json\" class=\"yoast-schema-graph\">{\"@context\":\"https:\/\/schema.org\",\"@graph\":[{\"@type\":\"WebPage\",\"@id\":\"https:\/\/eurocarsbedrijfswagens.nl\/elektrische-bedrijfswagen\/\",\"url\":\"https:\/\/www.eurocars.nl\/elektrische-bedrijfswagen-kopen\/\",\"name\":\"Elektrische bedrijfswagen - Eurocars Bedrijfswagens\",\"isPartOf\":{\"@id\":\"https:\/\/eurocarsbedrijfswagens.nl\/#website\"},\"datePublished\":\"2024-05-21T13:00:33+00:00\",\"dateModified\":\"2025-08-19T08:23:15+00:00\",\"description\":\"Een elektrische bedrijfswagen kopen of financieren doe je bij Eurocars Bedrijfswagens. Diverse modellen en uitvoeringen, voor ieder wat wils.\",\"breadcrumb\":{\"@id\":\"https:\/\/www.eurocars.nl\/elektrische-bedrijfswagen-kopen\/#breadcrumb\"},\"inLanguage\":\"fr-FR\",\"potentialAction\":[{\"@type\":\"ReadAction\",\"target\":[\"https:\/\/www.eurocars.nl\/elektrische-bedrijfswagen-kopen\/\"]}]},{\"@type\":\"BreadcrumbList\",\"@id\":\"https:\/\/www.eurocars.nl\/elektrische-bedrijfswagen-kopen\/#breadcrumb\",\"itemListElement\":[{\"@type\":\"ListItem\",\"position\":1,\"name\":\"Home\",\"item\":\"https:\/\/eurocarsbedrijfswagens.nl\/\"},{\"@type\":\"ListItem\",\"position\":2,\"name\":\"Elektrische bedrijfswagen\"}]},{\"@type\":\"WebSite\",\"@id\":\"https:\/\/eurocarsbedrijfswagens.nl\/#website\",\"url\":\"https:\/\/eurocarsbedrijfswagens.nl\/\",\"name\":\"Eurocars Bedrijfswagens\",\"description\":\"Bij Eurocars koop of lease je een bedrijfswagen tegen een zeer scherp tarief.\",\"potentialAction\":[{\"@type\":\"SearchAction\",\"target\":{\"@type\":\"EntryPoint\",\"urlTemplate\":\"https:\/\/eurocarsbedrijfswagens.nl\/?s={search_term_string}\"},\"query-input\":{\"@type\":\"PropertyValueSpecification\",\"valueRequired\":true,\"valueName\":\"search_term_string\"}}],\"inLanguage\":\"fr-FR\"}]}<\/script>\n<!-- \/ Yoast SEO plugin. -->","yoast_head_json":{"title":"Elektrische bedrijfswagen - Eurocars Bedrijfswagens","description":"Een elektrische bedrijfswagen kopen of financieren doe je bij Eurocars Bedrijfswagens. Diverse modellen en uitvoeringen, voor ieder wat wils.","robots":{"index":"index","follow":"follow","max-snippet":"max-snippet:-1","max-image-preview":"max-image-preview:large","max-video-preview":"max-video-preview:-1"},"canonical":"https:\/\/www.eurocars.nl\/elektrische-bedrijfswagen-kopen\/","og_locale":"fr_FR","og_type":"article","og_title":"Elektrische bedrijfswagen - Eurocars Bedrijfswagens","og_description":"Een elektrische bedrijfswagen kopen of financieren doe je bij Eurocars Bedrijfswagens. Diverse modellen en uitvoeringen, voor ieder wat wils.","og_url":"https:\/\/www.eurocars.nl\/elektrische-bedrijfswagen-kopen\/","og_site_name":"Eurocars Bedrijfswagens","article_modified_time":"2025-08-19T08:23:15+00:00","twitter_card":"summary_large_image","schema":{"@context":"https:\/\/schema.org","@graph":[{"@type":"WebPage","@id":"https:\/\/eurocarsbedrijfswagens.nl\/elektrische-bedrijfswagen\/","url":"https:\/\/www.eurocars.nl\/elektrische-bedrijfswagen-kopen\/","name":"Elektrische bedrijfswagen - Eurocars Bedrijfswagens","isPartOf":{"@id":"https:\/\/eurocarsbedrijfswagens.nl\/#website"},"datePublished":"2024-05-21T13:00:33+00:00","dateModified":"2025-08-19T08:23:15+00:00","description":"Een elektrische bedrijfswagen kopen of financieren doe je bij Eurocars Bedrijfswagens. Diverse modellen en uitvoeringen, voor ieder wat wils.","breadcrumb":{"@id":"https:\/\/www.eurocars.nl\/elektrische-bedrijfswagen-kopen\/#breadcrumb"},"inLanguage":"fr-FR","potentialAction":[{"@type":"ReadAction","target":["https:\/\/www.eurocars.nl\/elektrische-bedrijfswagen-kopen\/"]}]},{"@type":"BreadcrumbList","@id":"https:\/\/www.eurocars.nl\/elektrische-bedrijfswagen-kopen\/#breadcrumb","itemListElement":[{"@type":"ListItem","position":1,"name":"Home","item":"https:\/\/eurocarsbedrijfswagens.nl\/"},{"@type":"ListItem","position":2,"name":"Elektrische bedrijfswagen"}]},{"@type":"WebSite","@id":"https:\/\/eurocarsbedrijfswagens.nl\/#website","url":"https:\/\/eurocarsbedrijfswagens.nl\/","name":"V\u00e9hicules utilitaires Eurocars","description":"Chez Eurocars, vous pouvez acheter ou louer une voiture de soci\u00e9t\u00e9 \u00e0 un tarif tr\u00e8s comp\u00e9titif.","potentialAction":[{"@type":"SearchAction","target":{"@type":"EntryPoint","urlTemplate":"https:\/\/eurocarsbedrijfswagens.nl\/?s={search_term_string}"},"query-input":{"@type":"PropertyValueSpecification","valueRequired":true,"valueName":"search_term_string"}}],"inLanguage":"fr-FR"}]}},"_links":{"self":[{"href":"https:\/\/eurocarsbedrijfswagens.nl\/fr\/wp-json\/wp\/v2\/pages\/2281225","targetHints":{"allow":["GET"]}}],"collection":[{"href":"https:\/\/eurocarsbedrijfswagens.nl\/fr\/wp-json\/wp\/v2\/pages"}],"about":[{"href":"https:\/\/eurocarsbedrijfswagens.nl\/fr\/wp-json\/wp\/v2\/types\/page"}],"author":[{"embeddable":true,"href":"https:\/\/eurocarsbedrijfswagens.nl\/fr\/wp-json\/wp\/v2\/users\/26"}],"replies":[{"embeddable":true,"href":"https:\/\/eurocarsbedrijfswagens.nl\/fr\/wp-json\/wp\/v2\/comments?post=2281225"}],"version-history":[{"count":12,"href":"https:\/\/eurocarsbedrijfswagens.nl\/fr\/wp-json\/wp\/v2\/pages\/2281225\/revisions"}],"predecessor-version":[{"id":3067529,"href":"https:\/\/eurocarsbedrijfswagens.nl\/fr\/wp-json\/wp\/v2\/pages\/2281225\/revisions\/3067529"}],"wp:attachment":[{"href":"https:\/\/eurocarsbedrijfswagens.nl\/fr\/wp-json\/wp\/v2\/media?parent=2281225"}],"curies":[{"name":"wp","href":"https:\/\/api.w.org\/{rel}","templated":true}]}}