{"id":2953564,"date":"2024-11-05T15:07:34","date_gmt":"2024-11-05T15:07:34","guid":{"rendered":"https:\/\/eurocarsbedrijfswagens.nl\/?page_id=2953564"},"modified":"2024-11-06T08:04:54","modified_gmt":"2024-11-06T08:04:54","slug":"afschaffing-bpm-vrijstelling-vanaf-2025","status":"publish","type":"page","link":"https:\/\/eurocarsbedrijfswagens.nl\/fr\/afschaffing-bpm-vrijstelling-vanaf-2025\/","title":{"rendered":"Suppression de l\u2019exemption du BPM \u00e0 partir de 2025"},"content":{"rendered":"","protected":false},"excerpt":{"rendered":"","protected":false},"author":26,"featured_media":0,"parent":0,"menu_order":0,"comment_status":"closed","ping_status":"closed","template":"","meta":{"_acf_changed":false,"footnotes":""},"class_list":["post-2953564","page","type-page","status-publish","hentry"],"acf":[],"yoast_head":"<!-- This site is optimized with the Yoast SEO plugin v25.9 - https:\/\/yoast.com\/wordpress\/plugins\/seo\/ -->\n<title>Afschaffing BPM-vrijstelling vanaf 2025 - Eurocars Bedrijfswagens<\/title>\n<meta name=\"description\" content=\"Vanaf 2025 wordt er BPM op bedrijfswagens geheven. Benieuwd wat dit voor jou betekent en wat jij zelf kunt doen? Lees snel verder!\" \/>\n<meta name=\"robots\" content=\"index, follow, max-snippet:-1, max-image-preview:large, max-video-preview:-1\" \/>\n<link rel=\"canonical\" href=\"https:\/\/eurocarsbedrijfswagens.nl\/fr\/afschaffing-bpm-vrijstelling-vanaf-2025\/\" \/>\n<meta property=\"og:locale\" content=\"fr_FR\" \/>\n<meta property=\"og:type\" content=\"article\" \/>\n<meta property=\"og:title\" content=\"Afschaffing BPM-vrijstelling vanaf 2025 - Eurocars Bedrijfswagens\" \/>\n<meta property=\"og:description\" content=\"Vanaf 2025 wordt er BPM op bedrijfswagens geheven. Benieuwd wat dit voor jou betekent en wat jij zelf kunt doen? Lees snel verder!\" \/>\n<meta property=\"og:url\" content=\"https:\/\/eurocarsbedrijfswagens.nl\/fr\/afschaffing-bpm-vrijstelling-vanaf-2025\/\" \/>\n<meta property=\"og:site_name\" content=\"Eurocars Bedrijfswagens\" \/>\n<meta property=\"article:modified_time\" content=\"2024-11-06T08:04:54+00:00\" \/>\n<meta name=\"twitter:card\" content=\"summary_large_image\" \/>\n<script type=\"application\/ld+json\" class=\"yoast-schema-graph\">{\"@context\":\"https:\/\/schema.org\",\"@graph\":[{\"@type\":\"WebPage\",\"@id\":\"https:\/\/eurocarsbedrijfswagens.nl\/afschaffing-bpm-vrijstelling-vanaf-2025\/\",\"url\":\"https:\/\/eurocarsbedrijfswagens.nl\/afschaffing-bpm-vrijstelling-vanaf-2025\/\",\"name\":\"Afschaffing BPM-vrijstelling vanaf 2025 - Eurocars Bedrijfswagens\",\"isPartOf\":{\"@id\":\"https:\/\/eurocarsbedrijfswagens.nl\/#website\"},\"datePublished\":\"2024-11-05T15:07:34+00:00\",\"dateModified\":\"2024-11-06T08:04:54+00:00\",\"description\":\"Vanaf 2025 wordt er BPM op bedrijfswagens geheven. Benieuwd wat dit voor jou betekent en wat jij zelf kunt doen? Lees snel verder!\",\"breadcrumb\":{\"@id\":\"https:\/\/eurocarsbedrijfswagens.nl\/afschaffing-bpm-vrijstelling-vanaf-2025\/#breadcrumb\"},\"inLanguage\":\"fr-FR\",\"potentialAction\":[{\"@type\":\"ReadAction\",\"target\":[\"https:\/\/eurocarsbedrijfswagens.nl\/afschaffing-bpm-vrijstelling-vanaf-2025\/\"]}]},{\"@type\":\"BreadcrumbList\",\"@id\":\"https:\/\/eurocarsbedrijfswagens.nl\/afschaffing-bpm-vrijstelling-vanaf-2025\/#breadcrumb\",\"itemListElement\":[{\"@type\":\"ListItem\",\"position\":1,\"name\":\"Home\",\"item\":\"https:\/\/eurocarsbedrijfswagens.nl\/\"},{\"@type\":\"ListItem\",\"position\":2,\"name\":\"Afschaffing BPM-vrijstelling vanaf 2025\"}]},{\"@type\":\"WebSite\",\"@id\":\"https:\/\/eurocarsbedrijfswagens.nl\/#website\",\"url\":\"https:\/\/eurocarsbedrijfswagens.nl\/\",\"name\":\"Eurocars Bedrijfswagens\",\"description\":\"Bij Eurocars koop of lease je een bedrijfswagen tegen een zeer scherp tarief.\",\"potentialAction\":[{\"@type\":\"SearchAction\",\"target\":{\"@type\":\"EntryPoint\",\"urlTemplate\":\"https:\/\/eurocarsbedrijfswagens.nl\/?s={search_term_string}\"},\"query-input\":{\"@type\":\"PropertyValueSpecification\",\"valueRequired\":true,\"valueName\":\"search_term_string\"}}],\"inLanguage\":\"fr-FR\"}]}<\/script>\n<!-- \/ Yoast SEO plugin. -->","yoast_head_json":{"title":"Suppression de l&#039;exemption BPM \u00e0 partir de 2025 - Eurocars V\u00e9hicules Utilitaires","description":"\u00c0 partir de 2025, la taxe sur les v\u00e9hicules automobiles et motos particuliers (BPM) sera pr\u00e9lev\u00e9e sur les v\u00e9hicules utilitaires. Vous souhaitez en savoir plus sur les cons\u00e9quences et les possibilit\u00e9s\u00a0? Poursuivez votre lecture\u00a0!","robots":{"index":"index","follow":"follow","max-snippet":"max-snippet:-1","max-image-preview":"max-image-preview:large","max-video-preview":"max-video-preview:-1"},"canonical":"https:\/\/eurocarsbedrijfswagens.nl\/fr\/afschaffing-bpm-vrijstelling-vanaf-2025\/","og_locale":"fr_FR","og_type":"article","og_title":"Afschaffing BPM-vrijstelling vanaf 2025 - Eurocars Bedrijfswagens","og_description":"Vanaf 2025 wordt er BPM op bedrijfswagens geheven. Benieuwd wat dit voor jou betekent en wat jij zelf kunt doen? Lees snel verder!","og_url":"https:\/\/eurocarsbedrijfswagens.nl\/fr\/afschaffing-bpm-vrijstelling-vanaf-2025\/","og_site_name":"Eurocars Bedrijfswagens","article_modified_time":"2024-11-06T08:04:54+00:00","twitter_card":"summary_large_image","schema":{"@context":"https:\/\/schema.org","@graph":[{"@type":"WebPage","@id":"https:\/\/eurocarsbedrijfswagens.nl\/afschaffing-bpm-vrijstelling-vanaf-2025\/","url":"https:\/\/eurocarsbedrijfswagens.nl\/afschaffing-bpm-vrijstelling-vanaf-2025\/","name":"Suppression de l&#039;exemption BPM \u00e0 partir de 2025 - Eurocars V\u00e9hicules Utilitaires","isPartOf":{"@id":"https:\/\/eurocarsbedrijfswagens.nl\/#website"},"datePublished":"2024-11-05T15:07:34+00:00","dateModified":"2024-11-06T08:04:54+00:00","description":"\u00c0 partir de 2025, la taxe sur les v\u00e9hicules automobiles et motos particuliers (BPM) sera pr\u00e9lev\u00e9e sur les v\u00e9hicules utilitaires. Vous souhaitez en savoir plus sur les cons\u00e9quences et les possibilit\u00e9s\u00a0? Poursuivez votre lecture\u00a0!","breadcrumb":{"@id":"https:\/\/eurocarsbedrijfswagens.nl\/afschaffing-bpm-vrijstelling-vanaf-2025\/#breadcrumb"},"inLanguage":"fr-FR","potentialAction":[{"@type":"ReadAction","target":["https:\/\/eurocarsbedrijfswagens.nl\/afschaffing-bpm-vrijstelling-vanaf-2025\/"]}]},{"@type":"BreadcrumbList","@id":"https:\/\/eurocarsbedrijfswagens.nl\/afschaffing-bpm-vrijstelling-vanaf-2025\/#breadcrumb","itemListElement":[{"@type":"ListItem","position":1,"name":"Home","item":"https:\/\/eurocarsbedrijfswagens.nl\/"},{"@type":"ListItem","position":2,"name":"Afschaffing BPM-vrijstelling vanaf 2025"}]},{"@type":"WebSite","@id":"https:\/\/eurocarsbedrijfswagens.nl\/#website","url":"https:\/\/eurocarsbedrijfswagens.nl\/","name":"V\u00e9hicules utilitaires Eurocars","description":"Chez Eurocars, vous pouvez acheter ou louer une voiture de soci\u00e9t\u00e9 \u00e0 un tarif tr\u00e8s comp\u00e9titif.","potentialAction":[{"@type":"SearchAction","target":{"@type":"EntryPoint","urlTemplate":"https:\/\/eurocarsbedrijfswagens.nl\/?s={search_term_string}"},"query-input":{"@type":"PropertyValueSpecification","valueRequired":true,"valueName":"search_term_string"}}],"inLanguage":"fr-FR"}]}},"_links":{"self":[{"href":"https:\/\/eurocarsbedrijfswagens.nl\/fr\/wp-json\/wp\/v2\/pages\/2953564","targetHints":{"allow":["GET"]}}],"collection":[{"href":"https:\/\/eurocarsbedrijfswagens.nl\/fr\/wp-json\/wp\/v2\/pages"}],"about":[{"href":"https:\/\/eurocarsbedrijfswagens.nl\/fr\/wp-json\/wp\/v2\/types\/page"}],"author":[{"embeddable":true,"href":"https:\/\/eurocarsbedrijfswagens.nl\/fr\/wp-json\/wp\/v2\/users\/26"}],"replies":[{"embeddable":true,"href":"https:\/\/eurocarsbedrijfswagens.nl\/fr\/wp-json\/wp\/v2\/comments?post=2953564"}],"version-history":[{"count":18,"href":"https:\/\/eurocarsbedrijfswagens.nl\/fr\/wp-json\/wp\/v2\/pages\/2953564\/revisions"}],"predecessor-version":[{"id":2954362,"href":"https:\/\/eurocarsbedrijfswagens.nl\/fr\/wp-json\/wp\/v2\/pages\/2953564\/revisions\/2954362"}],"wp:attachment":[{"href":"https:\/\/eurocarsbedrijfswagens.nl\/fr\/wp-json\/wp\/v2\/media?parent=2953564"}],"curies":[{"name":"wp","href":"https:\/\/api.w.org\/{rel}","templated":true}]}}