{"id":3,"date":"2022-01-04T10:07:32","date_gmt":"2022-01-04T10:07:32","guid":{"rendered":"https:\/\/eurocarsbedrijfswagens.nl.indicia-interactiv.nl\/?page_id=3"},"modified":"2025-04-08T14:13:00","modified_gmt":"2025-04-08T14:13:00","slug":"home","status":"publish","type":"page","link":"https:\/\/eurocarsbedrijfswagens.nl\/fr\/","title":{"rendered":"Maison"},"content":{"rendered":"<p>Test<\/p>","protected":false},"excerpt":{"rendered":"<p>Test<\/p>","protected":false},"author":2,"featured_media":0,"parent":0,"menu_order":0,"comment_status":"closed","ping_status":"closed","template":"","meta":{"_acf_changed":false,"footnotes":""},"class_list":["post-3","page","type-page","status-publish","hentry"],"acf":[],"yoast_head":"<!-- This site is optimized with the Yoast SEO plugin v25.9 - https:\/\/yoast.com\/wordpress\/plugins\/seo\/ -->\n<title>Bedrijfswagen kopen of leasen? - Eurocars Bedrijfswagens<\/title>\n<meta name=\"description\" content=\"Dat kan bij Eurocars Bedrijfswagens \u2713 Laagste prijsgarantie \u2713 Uit voorraad leverbaar \u2713 Snelle acceptatie \u27a4 Bekijk ons aanbod meteen!\" \/>\n<meta name=\"robots\" content=\"index, follow, max-snippet:-1, max-image-preview:large, max-video-preview:-1\" \/>\n<link rel=\"canonical\" href=\"https:\/\/eurocarsbedrijfswagens.nl\/fr\/\" \/>\n<meta property=\"og:locale\" content=\"fr_FR\" \/>\n<meta property=\"og:type\" content=\"article\" \/>\n<meta property=\"og:title\" content=\"Bedrijfswagen kopen of leasen? - Eurocars Bedrijfswagens\" \/>\n<meta property=\"og:description\" content=\"Dat kan bij Eurocars Bedrijfswagens \u2713 Laagste prijsgarantie \u2713 Uit voorraad leverbaar \u2713 Snelle acceptatie \u27a4 Bekijk ons aanbod meteen!\" \/>\n<meta property=\"og:url\" content=\"https:\/\/eurocarsbedrijfswagens.nl\/fr\/\" \/>\n<meta property=\"og:site_name\" content=\"Eurocars Bedrijfswagens\" \/>\n<meta property=\"article:modified_time\" content=\"2025-04-08T14:13:00+00:00\" \/>\n<meta name=\"twitter:card\" content=\"summary_large_image\" \/>\n<script type=\"application\/ld+json\" class=\"yoast-schema-graph\">{\"@context\":\"https:\/\/schema.org\",\"@graph\":[{\"@type\":\"WebPage\",\"@id\":\"https:\/\/eurocarsbedrijfswagens.nl\/\",\"url\":\"https:\/\/eurocarsbedrijfswagens.nl\/\",\"name\":\"Bedrijfswagen kopen of leasen? - Eurocars Bedrijfswagens\",\"isPartOf\":{\"@id\":\"https:\/\/eurocarsbedrijfswagens.nl\/#website\"},\"datePublished\":\"2022-01-04T10:07:32+00:00\",\"dateModified\":\"2025-04-08T14:13:00+00:00\",\"description\":\"Dat kan bij Eurocars Bedrijfswagens \u2713 Laagste prijsgarantie \u2713 Uit voorraad leverbaar \u2713 Snelle acceptatie \u27a4 Bekijk ons aanbod meteen!\",\"breadcrumb\":{\"@id\":\"https:\/\/eurocarsbedrijfswagens.nl\/#breadcrumb\"},\"inLanguage\":\"fr-FR\",\"potentialAction\":[{\"@type\":\"ReadAction\",\"target\":[\"https:\/\/eurocarsbedrijfswagens.nl\/\"]}]},{\"@type\":\"BreadcrumbList\",\"@id\":\"https:\/\/eurocarsbedrijfswagens.nl\/#breadcrumb\",\"itemListElement\":[{\"@type\":\"ListItem\",\"position\":1,\"name\":\"Home\",\"item\":\"https:\/\/eurocarsbedrijfswagens.nl\/\"},{\"@type\":\"ListItem\",\"position\":2,\"name\":\"Home\"}]},{\"@type\":\"WebSite\",\"@id\":\"https:\/\/eurocarsbedrijfswagens.nl\/#website\",\"url\":\"https:\/\/eurocarsbedrijfswagens.nl\/\",\"name\":\"Eurocars Bedrijfswagens\",\"description\":\"Bij Eurocars koop of lease je een bedrijfswagen tegen een zeer scherp tarief.\",\"potentialAction\":[{\"@type\":\"SearchAction\",\"target\":{\"@type\":\"EntryPoint\",\"urlTemplate\":\"https:\/\/eurocarsbedrijfswagens.nl\/?s={search_term_string}\"},\"query-input\":{\"@type\":\"PropertyValueSpecification\",\"valueRequired\":true,\"valueName\":\"search_term_string\"}}],\"inLanguage\":\"fr-FR\"}]}<\/script>\n<!-- \/ Yoast SEO plugin. -->","yoast_head_json":{"title":"Acheter ou louer un v\u00e9hicule utilitaire\u00a0? - Eurocars V\u00e9hicules Utilitaires","description":"C&#039;est possible chez Eurocars V\u00e9hicules Utilitaires \u2713 Garantie du prix le plus bas \u2713 Disponible en stock \u2713 Acceptation rapide \u27a4 Consultez notre offre maintenant !","robots":{"index":"index","follow":"follow","max-snippet":"max-snippet:-1","max-image-preview":"max-image-preview:large","max-video-preview":"max-video-preview:-1"},"canonical":"https:\/\/eurocarsbedrijfswagens.nl\/fr\/","og_locale":"fr_FR","og_type":"article","og_title":"Bedrijfswagen kopen of leasen? - Eurocars Bedrijfswagens","og_description":"Dat kan bij Eurocars Bedrijfswagens \u2713 Laagste prijsgarantie \u2713 Uit voorraad leverbaar \u2713 Snelle acceptatie \u27a4 Bekijk ons aanbod meteen!","og_url":"https:\/\/eurocarsbedrijfswagens.nl\/fr\/","og_site_name":"Eurocars Bedrijfswagens","article_modified_time":"2025-04-08T14:13:00+00:00","twitter_card":"summary_large_image","schema":{"@context":"https:\/\/schema.org","@graph":[{"@type":"WebPage","@id":"https:\/\/eurocarsbedrijfswagens.nl\/","url":"https:\/\/eurocarsbedrijfswagens.nl\/","name":"Acheter ou louer un v\u00e9hicule utilitaire\u00a0? - Eurocars V\u00e9hicules Utilitaires","isPartOf":{"@id":"https:\/\/eurocarsbedrijfswagens.nl\/#website"},"datePublished":"2022-01-04T10:07:32+00:00","dateModified":"2025-04-08T14:13:00+00:00","description":"C&#039;est possible chez Eurocars V\u00e9hicules Utilitaires \u2713 Garantie du prix le plus bas \u2713 Disponible en stock \u2713 Acceptation rapide \u27a4 Consultez notre offre maintenant !","breadcrumb":{"@id":"https:\/\/eurocarsbedrijfswagens.nl\/#breadcrumb"},"inLanguage":"fr-FR","potentialAction":[{"@type":"ReadAction","target":["https:\/\/eurocarsbedrijfswagens.nl\/"]}]},{"@type":"BreadcrumbList","@id":"https:\/\/eurocarsbedrijfswagens.nl\/#breadcrumb","itemListElement":[{"@type":"ListItem","position":1,"name":"Home","item":"https:\/\/eurocarsbedrijfswagens.nl\/"},{"@type":"ListItem","position":2,"name":"Home"}]},{"@type":"WebSite","@id":"https:\/\/eurocarsbedrijfswagens.nl\/#website","url":"https:\/\/eurocarsbedrijfswagens.nl\/","name":"V\u00e9hicules utilitaires Eurocars","description":"Chez Eurocars, vous pouvez acheter ou louer une voiture de soci\u00e9t\u00e9 \u00e0 un tarif tr\u00e8s comp\u00e9titif.","potentialAction":[{"@type":"SearchAction","target":{"@type":"EntryPoint","urlTemplate":"https:\/\/eurocarsbedrijfswagens.nl\/?s={search_term_string}"},"query-input":{"@type":"PropertyValueSpecification","valueRequired":true,"valueName":"search_term_string"}}],"inLanguage":"fr-FR"}]}},"_links":{"self":[{"href":"https:\/\/eurocarsbedrijfswagens.nl\/fr\/wp-json\/wp\/v2\/pages\/3","targetHints":{"allow":["GET"]}}],"collection":[{"href":"https:\/\/eurocarsbedrijfswagens.nl\/fr\/wp-json\/wp\/v2\/pages"}],"about":[{"href":"https:\/\/eurocarsbedrijfswagens.nl\/fr\/wp-json\/wp\/v2\/types\/page"}],"author":[{"embeddable":true,"href":"https:\/\/eurocarsbedrijfswagens.nl\/fr\/wp-json\/wp\/v2\/users\/2"}],"replies":[{"embeddable":true,"href":"https:\/\/eurocarsbedrijfswagens.nl\/fr\/wp-json\/wp\/v2\/comments?post=3"}],"version-history":[{"count":218,"href":"https:\/\/eurocarsbedrijfswagens.nl\/fr\/wp-json\/wp\/v2\/pages\/3\/revisions"}],"predecessor-version":[{"id":3031427,"href":"https:\/\/eurocarsbedrijfswagens.nl\/fr\/wp-json\/wp\/v2\/pages\/3\/revisions\/3031427"}],"wp:attachment":[{"href":"https:\/\/eurocarsbedrijfswagens.nl\/fr\/wp-json\/wp\/v2\/media?parent=3"}],"curies":[{"name":"wp","href":"https:\/\/api.w.org\/{rel}","templated":true}]}}