{"id":4540,"date":"2022-02-24T09:55:12","date_gmt":"2022-02-24T09:55:12","guid":{"rendered":"https:\/\/eurocarsbedrijfswagens.nl\/?page_id=4540"},"modified":"2024-07-05T14:32:10","modified_gmt":"2024-07-05T14:32:10","slug":"laagste-prijsgarantie","status":"publish","type":"page","link":"https:\/\/eurocarsbedrijfswagens.nl\/fr\/laagste-prijsgarantie\/","title":{"rendered":"Garantie du prix le plus bas"},"content":{"rendered":"","protected":false},"excerpt":{"rendered":"","protected":false},"author":9,"featured_media":0,"parent":0,"menu_order":0,"comment_status":"closed","ping_status":"closed","template":"","meta":{"_acf_changed":false,"footnotes":""},"class_list":["post-4540","page","type-page","status-publish","hentry"],"acf":[],"yoast_head":"<!-- This site is optimized with the Yoast SEO plugin v25.9 - https:\/\/yoast.com\/wordpress\/plugins\/seo\/ -->\n<title>Laagste prijsgarantie - Eurocars Bedrijfswagens<\/title>\n<meta name=\"description\" content=\"Koop of lease een bedrijfswagen tegen een zeer scherp tarief met laagste prijsgarantie. Bij Eurocars krijg je \u00e9cht de laagste prijs. Vraag een offerte aan!\" \/>\n<meta name=\"robots\" content=\"index, follow, max-snippet:-1, max-image-preview:large, max-video-preview:-1\" \/>\n<link rel=\"canonical\" href=\"https:\/\/eurocarsbedrijfswagens.nl\/fr\/laagste-prijsgarantie\/\" \/>\n<meta property=\"og:locale\" content=\"fr_FR\" \/>\n<meta property=\"og:type\" content=\"article\" \/>\n<meta property=\"og:title\" content=\"Laagste prijsgarantie - Eurocars Bedrijfswagens\" \/>\n<meta property=\"og:description\" content=\"Koop of lease een bedrijfswagen tegen een zeer scherp tarief met laagste prijsgarantie. Bij Eurocars krijg je \u00e9cht de laagste prijs. Vraag een offerte aan!\" \/>\n<meta property=\"og:url\" content=\"https:\/\/eurocarsbedrijfswagens.nl\/fr\/laagste-prijsgarantie\/\" \/>\n<meta property=\"og:site_name\" content=\"Eurocars Bedrijfswagens\" \/>\n<meta property=\"article:modified_time\" content=\"2024-07-05T14:32:10+00:00\" \/>\n<meta name=\"twitter:card\" content=\"summary_large_image\" \/>\n<script type=\"application\/ld+json\" class=\"yoast-schema-graph\">{\"@context\":\"https:\/\/schema.org\",\"@graph\":[{\"@type\":\"WebPage\",\"@id\":\"https:\/\/eurocarsbedrijfswagens.nl\/laagste-prijsgarantie\/\",\"url\":\"https:\/\/eurocarsbedrijfswagens.nl\/laagste-prijsgarantie\/\",\"name\":\"Laagste prijsgarantie - Eurocars Bedrijfswagens\",\"isPartOf\":{\"@id\":\"https:\/\/eurocarsbedrijfswagens.nl\/#website\"},\"datePublished\":\"2022-02-24T09:55:12+00:00\",\"dateModified\":\"2024-07-05T14:32:10+00:00\",\"description\":\"Koop of lease een bedrijfswagen tegen een zeer scherp tarief met laagste prijsgarantie. Bij Eurocars krijg je \u00e9cht de laagste prijs. Vraag een offerte aan!\",\"breadcrumb\":{\"@id\":\"https:\/\/eurocarsbedrijfswagens.nl\/laagste-prijsgarantie\/#breadcrumb\"},\"inLanguage\":\"fr-FR\",\"potentialAction\":[{\"@type\":\"ReadAction\",\"target\":[\"https:\/\/eurocarsbedrijfswagens.nl\/laagste-prijsgarantie\/\"]}]},{\"@type\":\"BreadcrumbList\",\"@id\":\"https:\/\/eurocarsbedrijfswagens.nl\/laagste-prijsgarantie\/#breadcrumb\",\"itemListElement\":[{\"@type\":\"ListItem\",\"position\":1,\"name\":\"Home\",\"item\":\"https:\/\/eurocarsbedrijfswagens.nl\/\"},{\"@type\":\"ListItem\",\"position\":2,\"name\":\"Laagste prijsgarantie\"}]},{\"@type\":\"WebSite\",\"@id\":\"https:\/\/eurocarsbedrijfswagens.nl\/#website\",\"url\":\"https:\/\/eurocarsbedrijfswagens.nl\/\",\"name\":\"Eurocars Bedrijfswagens\",\"description\":\"Bij Eurocars koop of lease je een bedrijfswagen tegen een zeer scherp tarief.\",\"potentialAction\":[{\"@type\":\"SearchAction\",\"target\":{\"@type\":\"EntryPoint\",\"urlTemplate\":\"https:\/\/eurocarsbedrijfswagens.nl\/?s={search_term_string}\"},\"query-input\":{\"@type\":\"PropertyValueSpecification\",\"valueRequired\":true,\"valueName\":\"search_term_string\"}}],\"inLanguage\":\"fr-FR\"}]}<\/script>\n<!-- \/ Yoast SEO plugin. -->","yoast_head_json":{"title":"Garantie du prix le plus bas - V\u00e9hicules utilitaires Eurocars","description":"Achetez ou louez un v\u00e9hicule utilitaire \u00e0 un prix tr\u00e8s comp\u00e9titif avec la garantie du prix le plus bas. Chez Eurocars, vous b\u00e9n\u00e9ficiez v\u00e9ritablement du prix le plus bas. Demandez un devis\u00a0!","robots":{"index":"index","follow":"follow","max-snippet":"max-snippet:-1","max-image-preview":"max-image-preview:large","max-video-preview":"max-video-preview:-1"},"canonical":"https:\/\/eurocarsbedrijfswagens.nl\/fr\/laagste-prijsgarantie\/","og_locale":"fr_FR","og_type":"article","og_title":"Laagste prijsgarantie - Eurocars Bedrijfswagens","og_description":"Koop of lease een bedrijfswagen tegen een zeer scherp tarief met laagste prijsgarantie. Bij Eurocars krijg je \u00e9cht de laagste prijs. Vraag een offerte aan!","og_url":"https:\/\/eurocarsbedrijfswagens.nl\/fr\/laagste-prijsgarantie\/","og_site_name":"Eurocars Bedrijfswagens","article_modified_time":"2024-07-05T14:32:10+00:00","twitter_card":"summary_large_image","schema":{"@context":"https:\/\/schema.org","@graph":[{"@type":"WebPage","@id":"https:\/\/eurocarsbedrijfswagens.nl\/laagste-prijsgarantie\/","url":"https:\/\/eurocarsbedrijfswagens.nl\/laagste-prijsgarantie\/","name":"Garantie du prix le plus bas - V\u00e9hicules utilitaires Eurocars","isPartOf":{"@id":"https:\/\/eurocarsbedrijfswagens.nl\/#website"},"datePublished":"2022-02-24T09:55:12+00:00","dateModified":"2024-07-05T14:32:10+00:00","description":"Achetez ou louez un v\u00e9hicule utilitaire \u00e0 un prix tr\u00e8s comp\u00e9titif avec la garantie du prix le plus bas. Chez Eurocars, vous b\u00e9n\u00e9ficiez v\u00e9ritablement du prix le plus bas. Demandez un devis\u00a0!","breadcrumb":{"@id":"https:\/\/eurocarsbedrijfswagens.nl\/laagste-prijsgarantie\/#breadcrumb"},"inLanguage":"fr-FR","potentialAction":[{"@type":"ReadAction","target":["https:\/\/eurocarsbedrijfswagens.nl\/laagste-prijsgarantie\/"]}]},{"@type":"BreadcrumbList","@id":"https:\/\/eurocarsbedrijfswagens.nl\/laagste-prijsgarantie\/#breadcrumb","itemListElement":[{"@type":"ListItem","position":1,"name":"Home","item":"https:\/\/eurocarsbedrijfswagens.nl\/"},{"@type":"ListItem","position":2,"name":"Laagste prijsgarantie"}]},{"@type":"WebSite","@id":"https:\/\/eurocarsbedrijfswagens.nl\/#website","url":"https:\/\/eurocarsbedrijfswagens.nl\/","name":"V\u00e9hicules utilitaires Eurocars","description":"Chez Eurocars, vous pouvez acheter ou louer une voiture de soci\u00e9t\u00e9 \u00e0 un tarif tr\u00e8s comp\u00e9titif.","potentialAction":[{"@type":"SearchAction","target":{"@type":"EntryPoint","urlTemplate":"https:\/\/eurocarsbedrijfswagens.nl\/?s={search_term_string}"},"query-input":{"@type":"PropertyValueSpecification","valueRequired":true,"valueName":"search_term_string"}}],"inLanguage":"fr-FR"}]}},"_links":{"self":[{"href":"https:\/\/eurocarsbedrijfswagens.nl\/fr\/wp-json\/wp\/v2\/pages\/4540","targetHints":{"allow":["GET"]}}],"collection":[{"href":"https:\/\/eurocarsbedrijfswagens.nl\/fr\/wp-json\/wp\/v2\/pages"}],"about":[{"href":"https:\/\/eurocarsbedrijfswagens.nl\/fr\/wp-json\/wp\/v2\/types\/page"}],"author":[{"embeddable":true,"href":"https:\/\/eurocarsbedrijfswagens.nl\/fr\/wp-json\/wp\/v2\/users\/9"}],"replies":[{"embeddable":true,"href":"https:\/\/eurocarsbedrijfswagens.nl\/fr\/wp-json\/wp\/v2\/comments?post=4540"}],"version-history":[{"count":18,"href":"https:\/\/eurocarsbedrijfswagens.nl\/fr\/wp-json\/wp\/v2\/pages\/4540\/revisions"}],"predecessor-version":[{"id":2804664,"href":"https:\/\/eurocarsbedrijfswagens.nl\/fr\/wp-json\/wp\/v2\/pages\/4540\/revisions\/2804664"}],"wp:attachment":[{"href":"https:\/\/eurocarsbedrijfswagens.nl\/fr\/wp-json\/wp\/v2\/media?parent=4540"}],"curies":[{"name":"wp","href":"https:\/\/api.w.org\/{rel}","templated":true}]}}