{"id":4544,"date":"2022-02-24T09:56:02","date_gmt":"2022-02-24T09:56:02","guid":{"rendered":"https:\/\/eurocarsbedrijfswagens.nl\/?page_id=4544"},"modified":"2024-11-08T11:48:57","modified_gmt":"2024-11-08T11:48:57","slug":"veel-gestelde-vragen","status":"publish","type":"page","link":"https:\/\/eurocarsbedrijfswagens.nl\/fr\/veel-gestelde-vragen\/","title":{"rendered":"Questions fr\u00e9quentes"},"content":{"rendered":"","protected":false},"excerpt":{"rendered":"","protected":false},"author":9,"featured_media":0,"parent":0,"menu_order":0,"comment_status":"closed","ping_status":"closed","template":"","meta":{"_acf_changed":false,"footnotes":""},"class_list":["post-4544","page","type-page","status-publish","hentry"],"acf":[],"yoast_head":"<!-- This site is optimized with the Yoast SEO plugin v25.9 - https:\/\/yoast.com\/wordpress\/plugins\/seo\/ -->\n<title>Veel gestelde vragen - Eurocars Bedrijfswagens<\/title>\n<meta name=\"description\" content=\"Bekijk onze veelgestelde vragen of neem contact met ons op. Wij beantwoorden graag al uw vragen \u2713bedrijfswagens uit voorraad leverbaar.\" \/>\n<meta name=\"robots\" content=\"index, follow, max-snippet:-1, max-image-preview:large, max-video-preview:-1\" \/>\n<link rel=\"canonical\" href=\"https:\/\/eurocarsbedrijfswagens.nl\/fr\/veel-gestelde-vragen\/\" \/>\n<meta property=\"og:locale\" content=\"fr_FR\" \/>\n<meta property=\"og:type\" content=\"article\" \/>\n<meta property=\"og:title\" content=\"Veel gestelde vragen - Eurocars Bedrijfswagens\" \/>\n<meta property=\"og:description\" content=\"Bekijk onze veelgestelde vragen of neem contact met ons op. Wij beantwoorden graag al uw vragen \u2713bedrijfswagens uit voorraad leverbaar.\" \/>\n<meta property=\"og:url\" content=\"https:\/\/eurocarsbedrijfswagens.nl\/fr\/veel-gestelde-vragen\/\" \/>\n<meta property=\"og:site_name\" content=\"Eurocars Bedrijfswagens\" \/>\n<meta property=\"article:modified_time\" content=\"2024-11-08T11:48:57+00:00\" \/>\n<meta name=\"twitter:card\" content=\"summary_large_image\" \/>\n<script type=\"application\/ld+json\" class=\"yoast-schema-graph\">{\"@context\":\"https:\/\/schema.org\",\"@graph\":[{\"@type\":\"WebPage\",\"@id\":\"https:\/\/eurocarsbedrijfswagens.nl\/veel-gestelde-vragen\/\",\"url\":\"https:\/\/eurocarsbedrijfswagens.nl\/veel-gestelde-vragen\/\",\"name\":\"Veel gestelde vragen - Eurocars Bedrijfswagens\",\"isPartOf\":{\"@id\":\"https:\/\/eurocarsbedrijfswagens.nl\/#website\"},\"datePublished\":\"2022-02-24T09:56:02+00:00\",\"dateModified\":\"2024-11-08T11:48:57+00:00\",\"description\":\"Bekijk onze veelgestelde vragen of neem contact met ons op. Wij beantwoorden graag al uw vragen \u2713bedrijfswagens uit voorraad leverbaar.\",\"breadcrumb\":{\"@id\":\"https:\/\/eurocarsbedrijfswagens.nl\/veel-gestelde-vragen\/#breadcrumb\"},\"inLanguage\":\"fr-FR\",\"potentialAction\":[{\"@type\":\"ReadAction\",\"target\":[\"https:\/\/eurocarsbedrijfswagens.nl\/veel-gestelde-vragen\/\"]}]},{\"@type\":\"BreadcrumbList\",\"@id\":\"https:\/\/eurocarsbedrijfswagens.nl\/veel-gestelde-vragen\/#breadcrumb\",\"itemListElement\":[{\"@type\":\"ListItem\",\"position\":1,\"name\":\"Home\",\"item\":\"https:\/\/eurocarsbedrijfswagens.nl\/\"},{\"@type\":\"ListItem\",\"position\":2,\"name\":\"Veel gestelde vragen\"}]},{\"@type\":\"WebSite\",\"@id\":\"https:\/\/eurocarsbedrijfswagens.nl\/#website\",\"url\":\"https:\/\/eurocarsbedrijfswagens.nl\/\",\"name\":\"Eurocars Bedrijfswagens\",\"description\":\"Bij Eurocars koop of lease je een bedrijfswagen tegen een zeer scherp tarief.\",\"potentialAction\":[{\"@type\":\"SearchAction\",\"target\":{\"@type\":\"EntryPoint\",\"urlTemplate\":\"https:\/\/eurocarsbedrijfswagens.nl\/?s={search_term_string}\"},\"query-input\":{\"@type\":\"PropertyValueSpecification\",\"valueRequired\":true,\"valueName\":\"search_term_string\"}}],\"inLanguage\":\"fr-FR\"}]}<\/script>\n<!-- \/ Yoast SEO plugin. -->","yoast_head_json":{"title":"Foire aux questions - V\u00e9hicules utilitaires Eurocars","description":"Consultez notre foire aux questions ou contactez-nous. Nous serons ravis de r\u00e9pondre \u00e0 toutes vos questions. V\u00e9hicules utilitaires disponibles en stock.","robots":{"index":"index","follow":"follow","max-snippet":"max-snippet:-1","max-image-preview":"max-image-preview:large","max-video-preview":"max-video-preview:-1"},"canonical":"https:\/\/eurocarsbedrijfswagens.nl\/fr\/veel-gestelde-vragen\/","og_locale":"fr_FR","og_type":"article","og_title":"Veel gestelde vragen - Eurocars Bedrijfswagens","og_description":"Bekijk onze veelgestelde vragen of neem contact met ons op. Wij beantwoorden graag al uw vragen \u2713bedrijfswagens uit voorraad leverbaar.","og_url":"https:\/\/eurocarsbedrijfswagens.nl\/fr\/veel-gestelde-vragen\/","og_site_name":"Eurocars Bedrijfswagens","article_modified_time":"2024-11-08T11:48:57+00:00","twitter_card":"summary_large_image","schema":{"@context":"https:\/\/schema.org","@graph":[{"@type":"WebPage","@id":"https:\/\/eurocarsbedrijfswagens.nl\/veel-gestelde-vragen\/","url":"https:\/\/eurocarsbedrijfswagens.nl\/veel-gestelde-vragen\/","name":"Foire aux questions - V\u00e9hicules utilitaires Eurocars","isPartOf":{"@id":"https:\/\/eurocarsbedrijfswagens.nl\/#website"},"datePublished":"2022-02-24T09:56:02+00:00","dateModified":"2024-11-08T11:48:57+00:00","description":"Consultez notre foire aux questions ou contactez-nous. Nous serons ravis de r\u00e9pondre \u00e0 toutes vos questions. V\u00e9hicules utilitaires disponibles en stock.","breadcrumb":{"@id":"https:\/\/eurocarsbedrijfswagens.nl\/veel-gestelde-vragen\/#breadcrumb"},"inLanguage":"fr-FR","potentialAction":[{"@type":"ReadAction","target":["https:\/\/eurocarsbedrijfswagens.nl\/veel-gestelde-vragen\/"]}]},{"@type":"BreadcrumbList","@id":"https:\/\/eurocarsbedrijfswagens.nl\/veel-gestelde-vragen\/#breadcrumb","itemListElement":[{"@type":"ListItem","position":1,"name":"Home","item":"https:\/\/eurocarsbedrijfswagens.nl\/"},{"@type":"ListItem","position":2,"name":"Veel gestelde vragen"}]},{"@type":"WebSite","@id":"https:\/\/eurocarsbedrijfswagens.nl\/#website","url":"https:\/\/eurocarsbedrijfswagens.nl\/","name":"V\u00e9hicules utilitaires Eurocars","description":"Chez Eurocars, vous pouvez acheter ou louer une voiture de soci\u00e9t\u00e9 \u00e0 un tarif tr\u00e8s comp\u00e9titif.","potentialAction":[{"@type":"SearchAction","target":{"@type":"EntryPoint","urlTemplate":"https:\/\/eurocarsbedrijfswagens.nl\/?s={search_term_string}"},"query-input":{"@type":"PropertyValueSpecification","valueRequired":true,"valueName":"search_term_string"}}],"inLanguage":"fr-FR"}]}},"_links":{"self":[{"href":"https:\/\/eurocarsbedrijfswagens.nl\/fr\/wp-json\/wp\/v2\/pages\/4544","targetHints":{"allow":["GET"]}}],"collection":[{"href":"https:\/\/eurocarsbedrijfswagens.nl\/fr\/wp-json\/wp\/v2\/pages"}],"about":[{"href":"https:\/\/eurocarsbedrijfswagens.nl\/fr\/wp-json\/wp\/v2\/types\/page"}],"author":[{"embeddable":true,"href":"https:\/\/eurocarsbedrijfswagens.nl\/fr\/wp-json\/wp\/v2\/users\/9"}],"replies":[{"embeddable":true,"href":"https:\/\/eurocarsbedrijfswagens.nl\/fr\/wp-json\/wp\/v2\/comments?post=4544"}],"version-history":[{"count":21,"href":"https:\/\/eurocarsbedrijfswagens.nl\/fr\/wp-json\/wp\/v2\/pages\/4544\/revisions"}],"predecessor-version":[{"id":2955170,"href":"https:\/\/eurocarsbedrijfswagens.nl\/fr\/wp-json\/wp\/v2\/pages\/4544\/revisions\/2955170"}],"wp:attachment":[{"href":"https:\/\/eurocarsbedrijfswagens.nl\/fr\/wp-json\/wp\/v2\/media?parent=4544"}],"curies":[{"name":"wp","href":"https:\/\/api.w.org\/{rel}","templated":true}]}}