{"id":4737,"date":"2022-03-01T14:39:23","date_gmt":"2022-03-01T14:39:23","guid":{"rendered":"https:\/\/eurocarsbedrijfswagens.nl\/?page_id=4737"},"modified":"2025-09-02T12:10:47","modified_gmt":"2025-09-02T10:10:47","slug":"online-kopen-2","status":"publish","type":"page","link":"https:\/\/eurocarsbedrijfswagens.nl\/fr\/online-kopen-2\/","title":{"rendered":"(Acheter en ligne"},"content":{"rendered":"","protected":false},"excerpt":{"rendered":"","protected":false},"author":9,"featured_media":0,"parent":0,"menu_order":0,"comment_status":"closed","ping_status":"closed","template":"","meta":{"_acf_changed":false,"footnotes":""},"class_list":["post-4737","page","type-page","status-publish","hentry"],"acf":[],"yoast_head":"<!-- This site is optimized with the Yoast SEO plugin v25.9 - https:\/\/yoast.com\/wordpress\/plugins\/seo\/ -->\n<title>(Online) kopen - Eurocars Bedrijfswagens<\/title>\n<meta name=\"description\" content=\"Koop je bedrijfswagen online bij Eurocars Bedrijfswagens \u2713Laagste prijsgarantie \u2713Uit voorraad leverbaar \u2713Snelle acceptatie\" \/>\n<meta name=\"robots\" content=\"index, follow, max-snippet:-1, max-image-preview:large, max-video-preview:-1\" \/>\n<link rel=\"canonical\" href=\"https:\/\/www.eurocars.nl\/online-auto-kopen\/\" \/>\n<meta property=\"og:locale\" content=\"fr_FR\" \/>\n<meta property=\"og:type\" content=\"article\" \/>\n<meta property=\"og:title\" content=\"(Online) kopen - Eurocars Bedrijfswagens\" \/>\n<meta property=\"og:description\" content=\"Koop je bedrijfswagen online bij Eurocars Bedrijfswagens \u2713Laagste prijsgarantie \u2713Uit voorraad leverbaar \u2713Snelle acceptatie\" \/>\n<meta property=\"og:url\" content=\"https:\/\/www.eurocars.nl\/online-auto-kopen\/\" \/>\n<meta property=\"og:site_name\" content=\"Eurocars Bedrijfswagens\" \/>\n<meta property=\"article:modified_time\" content=\"2025-09-02T10:10:47+00:00\" \/>\n<meta name=\"twitter:card\" content=\"summary_large_image\" \/>\n<script type=\"application\/ld+json\" class=\"yoast-schema-graph\">{\"@context\":\"https:\/\/schema.org\",\"@graph\":[{\"@type\":\"WebPage\",\"@id\":\"https:\/\/eurocarsbedrijfswagens.nl\/online-kopen-2\/\",\"url\":\"https:\/\/www.eurocars.nl\/online-auto-kopen\/\",\"name\":\"(Online) kopen - Eurocars Bedrijfswagens\",\"isPartOf\":{\"@id\":\"https:\/\/eurocarsbedrijfswagens.nl\/#website\"},\"datePublished\":\"2022-03-01T14:39:23+00:00\",\"dateModified\":\"2025-09-02T10:10:47+00:00\",\"description\":\"Koop je bedrijfswagen online bij Eurocars Bedrijfswagens \u2713Laagste prijsgarantie \u2713Uit voorraad leverbaar \u2713Snelle acceptatie\",\"breadcrumb\":{\"@id\":\"https:\/\/www.eurocars.nl\/online-auto-kopen\/#breadcrumb\"},\"inLanguage\":\"fr-FR\",\"potentialAction\":[{\"@type\":\"ReadAction\",\"target\":[\"https:\/\/www.eurocars.nl\/online-auto-kopen\/\"]}]},{\"@type\":\"BreadcrumbList\",\"@id\":\"https:\/\/www.eurocars.nl\/online-auto-kopen\/#breadcrumb\",\"itemListElement\":[{\"@type\":\"ListItem\",\"position\":1,\"name\":\"Home\",\"item\":\"https:\/\/eurocarsbedrijfswagens.nl\/\"},{\"@type\":\"ListItem\",\"position\":2,\"name\":\"(Online) kopen\"}]},{\"@type\":\"WebSite\",\"@id\":\"https:\/\/eurocarsbedrijfswagens.nl\/#website\",\"url\":\"https:\/\/eurocarsbedrijfswagens.nl\/\",\"name\":\"Eurocars Bedrijfswagens\",\"description\":\"Bij Eurocars koop of lease je een bedrijfswagen tegen een zeer scherp tarief.\",\"potentialAction\":[{\"@type\":\"SearchAction\",\"target\":{\"@type\":\"EntryPoint\",\"urlTemplate\":\"https:\/\/eurocarsbedrijfswagens.nl\/?s={search_term_string}\"},\"query-input\":{\"@type\":\"PropertyValueSpecification\",\"valueRequired\":true,\"valueName\":\"search_term_string\"}}],\"inLanguage\":\"fr-FR\"}]}<\/script>\n<!-- \/ Yoast SEO plugin. -->","yoast_head_json":{"title":"Acheter (en ligne) - V\u00e9hicules utilitaires Eurocars","description":"Achetez votre v\u00e9hicule utilitaire en ligne chez Eurocars V\u00e9hicules Utilitaires \u2713Garantie du prix le plus bas \u2713Disponible en stock \u2713Acceptation rapide","robots":{"index":"index","follow":"follow","max-snippet":"max-snippet:-1","max-image-preview":"max-image-preview:large","max-video-preview":"max-video-preview:-1"},"canonical":"https:\/\/www.eurocars.nl\/online-auto-kopen\/","og_locale":"fr_FR","og_type":"article","og_title":"(Online) kopen - Eurocars Bedrijfswagens","og_description":"Koop je bedrijfswagen online bij Eurocars Bedrijfswagens \u2713Laagste prijsgarantie \u2713Uit voorraad leverbaar \u2713Snelle acceptatie","og_url":"https:\/\/www.eurocars.nl\/online-auto-kopen\/","og_site_name":"Eurocars Bedrijfswagens","article_modified_time":"2025-09-02T10:10:47+00:00","twitter_card":"summary_large_image","schema":{"@context":"https:\/\/schema.org","@graph":[{"@type":"WebPage","@id":"https:\/\/eurocarsbedrijfswagens.nl\/online-kopen-2\/","url":"https:\/\/www.eurocars.nl\/online-auto-kopen\/","name":"Acheter (en ligne) - V\u00e9hicules utilitaires Eurocars","isPartOf":{"@id":"https:\/\/eurocarsbedrijfswagens.nl\/#website"},"datePublished":"2022-03-01T14:39:23+00:00","dateModified":"2025-09-02T10:10:47+00:00","description":"Achetez votre v\u00e9hicule utilitaire en ligne chez Eurocars V\u00e9hicules Utilitaires \u2713Garantie du prix le plus bas \u2713Disponible en stock \u2713Acceptation rapide","breadcrumb":{"@id":"https:\/\/www.eurocars.nl\/online-auto-kopen\/#breadcrumb"},"inLanguage":"fr-FR","potentialAction":[{"@type":"ReadAction","target":["https:\/\/www.eurocars.nl\/online-auto-kopen\/"]}]},{"@type":"BreadcrumbList","@id":"https:\/\/www.eurocars.nl\/online-auto-kopen\/#breadcrumb","itemListElement":[{"@type":"ListItem","position":1,"name":"Home","item":"https:\/\/eurocarsbedrijfswagens.nl\/"},{"@type":"ListItem","position":2,"name":"(Online) kopen"}]},{"@type":"WebSite","@id":"https:\/\/eurocarsbedrijfswagens.nl\/#website","url":"https:\/\/eurocarsbedrijfswagens.nl\/","name":"V\u00e9hicules utilitaires Eurocars","description":"Chez Eurocars, vous pouvez acheter ou louer une voiture de soci\u00e9t\u00e9 \u00e0 un tarif tr\u00e8s comp\u00e9titif.","potentialAction":[{"@type":"SearchAction","target":{"@type":"EntryPoint","urlTemplate":"https:\/\/eurocarsbedrijfswagens.nl\/?s={search_term_string}"},"query-input":{"@type":"PropertyValueSpecification","valueRequired":true,"valueName":"search_term_string"}}],"inLanguage":"fr-FR"}]}},"_links":{"self":[{"href":"https:\/\/eurocarsbedrijfswagens.nl\/fr\/wp-json\/wp\/v2\/pages\/4737","targetHints":{"allow":["GET"]}}],"collection":[{"href":"https:\/\/eurocarsbedrijfswagens.nl\/fr\/wp-json\/wp\/v2\/pages"}],"about":[{"href":"https:\/\/eurocarsbedrijfswagens.nl\/fr\/wp-json\/wp\/v2\/types\/page"}],"author":[{"embeddable":true,"href":"https:\/\/eurocarsbedrijfswagens.nl\/fr\/wp-json\/wp\/v2\/users\/9"}],"replies":[{"embeddable":true,"href":"https:\/\/eurocarsbedrijfswagens.nl\/fr\/wp-json\/wp\/v2\/comments?post=4737"}],"version-history":[{"count":57,"href":"https:\/\/eurocarsbedrijfswagens.nl\/fr\/wp-json\/wp\/v2\/pages\/4737\/revisions"}],"predecessor-version":[{"id":2967513,"href":"https:\/\/eurocarsbedrijfswagens.nl\/fr\/wp-json\/wp\/v2\/pages\/4737\/revisions\/2967513"}],"wp:attachment":[{"href":"https:\/\/eurocarsbedrijfswagens.nl\/fr\/wp-json\/wp\/v2\/media?parent=4737"}],"curies":[{"name":"wp","href":"https:\/\/api.w.org\/{rel}","templated":true}]}}