{"id":87,"date":"2022-01-14T08:47:58","date_gmt":"2022-01-14T08:47:58","guid":{"rendered":"https:\/\/eurocarsbedrijfswagens.nl\/?page_id=87"},"modified":"2024-09-05T09:24:27","modified_gmt":"2024-09-05T09:24:27","slug":"online-kopen-formulier","status":"publish","type":"page","link":"https:\/\/eurocarsbedrijfswagens.nl\/fr\/online-kopen-formulier\/","title":{"rendered":"Acheter"},"content":{"rendered":"","protected":false},"excerpt":{"rendered":"","protected":false},"author":3,"featured_media":0,"parent":0,"menu_order":0,"comment_status":"closed","ping_status":"closed","template":"templates\/lead-form.php","meta":{"_acf_changed":false,"footnotes":""},"class_list":["post-87","page","type-page","status-publish","hentry"],"acf":[],"yoast_head":"<!-- This site is optimized with the Yoast SEO plugin v25.9 - https:\/\/yoast.com\/wordpress\/plugins\/seo\/ -->\n<title>Kopen - Eurocars Bedrijfswagens<\/title>\n<meta name=\"description\" content=\"Ben je op zoek naar het kopen van een bedrijfswagen? Kijk dan op Eurocars Bedrijfswagens \u2713Laagste prijsgarantie \u2713Uit voorraad leverbaar.\" \/>\n<meta name=\"robots\" content=\"index, follow, max-snippet:-1, max-image-preview:large, max-video-preview:-1\" \/>\n<link rel=\"canonical\" href=\"https:\/\/eurocarsbedrijfswagens.nl\/fr\/online-kopen-formulier\/\" \/>\n<meta property=\"og:locale\" content=\"fr_FR\" \/>\n<meta property=\"og:type\" content=\"article\" \/>\n<meta property=\"og:title\" content=\"Kopen - Eurocars Bedrijfswagens\" \/>\n<meta property=\"og:description\" content=\"Ben je op zoek naar het kopen van een bedrijfswagen? Kijk dan op Eurocars Bedrijfswagens \u2713Laagste prijsgarantie \u2713Uit voorraad leverbaar.\" \/>\n<meta property=\"og:url\" content=\"https:\/\/eurocarsbedrijfswagens.nl\/fr\/online-kopen-formulier\/\" \/>\n<meta property=\"og:site_name\" content=\"Eurocars Bedrijfswagens\" \/>\n<meta property=\"article:modified_time\" content=\"2024-09-05T09:24:27+00:00\" \/>\n<meta name=\"twitter:card\" content=\"summary_large_image\" \/>\n<script type=\"application\/ld+json\" class=\"yoast-schema-graph\">{\"@context\":\"https:\/\/schema.org\",\"@graph\":[{\"@type\":\"WebPage\",\"@id\":\"https:\/\/eurocarsbedrijfswagens.nl\/online-kopen-formulier\/\",\"url\":\"https:\/\/eurocarsbedrijfswagens.nl\/online-kopen-formulier\/\",\"name\":\"Kopen - Eurocars Bedrijfswagens\",\"isPartOf\":{\"@id\":\"https:\/\/eurocarsbedrijfswagens.nl\/#website\"},\"datePublished\":\"2022-01-14T08:47:58+00:00\",\"dateModified\":\"2024-09-05T09:24:27+00:00\",\"description\":\"Ben je op zoek naar het kopen van een bedrijfswagen? Kijk dan op Eurocars Bedrijfswagens \u2713Laagste prijsgarantie \u2713Uit voorraad leverbaar.\",\"breadcrumb\":{\"@id\":\"https:\/\/eurocarsbedrijfswagens.nl\/online-kopen-formulier\/#breadcrumb\"},\"inLanguage\":\"fr-FR\",\"potentialAction\":[{\"@type\":\"ReadAction\",\"target\":[\"https:\/\/eurocarsbedrijfswagens.nl\/online-kopen-formulier\/\"]}]},{\"@type\":\"BreadcrumbList\",\"@id\":\"https:\/\/eurocarsbedrijfswagens.nl\/online-kopen-formulier\/#breadcrumb\",\"itemListElement\":[{\"@type\":\"ListItem\",\"position\":1,\"name\":\"Home\",\"item\":\"https:\/\/eurocarsbedrijfswagens.nl\/\"},{\"@type\":\"ListItem\",\"position\":2,\"name\":\"Kopen\"}]},{\"@type\":\"WebSite\",\"@id\":\"https:\/\/eurocarsbedrijfswagens.nl\/#website\",\"url\":\"https:\/\/eurocarsbedrijfswagens.nl\/\",\"name\":\"Eurocars Bedrijfswagens\",\"description\":\"Bij Eurocars koop of lease je een bedrijfswagen tegen een zeer scherp tarief.\",\"potentialAction\":[{\"@type\":\"SearchAction\",\"target\":{\"@type\":\"EntryPoint\",\"urlTemplate\":\"https:\/\/eurocarsbedrijfswagens.nl\/?s={search_term_string}\"},\"query-input\":{\"@type\":\"PropertyValueSpecification\",\"valueRequired\":true,\"valueName\":\"search_term_string\"}}],\"inLanguage\":\"fr-FR\"}]}<\/script>\n<!-- \/ Yoast SEO plugin. -->","yoast_head_json":{"title":"Acheter - V\u00e9hicules utilitaires Eurocars","description":"Vous souhaitez acheter un v\u00e9hicule utilitaire\u00a0? D\u00e9couvrez Eurocars V\u00e9hicules Utilitaires. \u2713 Garantie du meilleur prix \u2713 Disponible en stock.","robots":{"index":"index","follow":"follow","max-snippet":"max-snippet:-1","max-image-preview":"max-image-preview:large","max-video-preview":"max-video-preview:-1"},"canonical":"https:\/\/eurocarsbedrijfswagens.nl\/fr\/online-kopen-formulier\/","og_locale":"fr_FR","og_type":"article","og_title":"Kopen - Eurocars Bedrijfswagens","og_description":"Ben je op zoek naar het kopen van een bedrijfswagen? Kijk dan op Eurocars Bedrijfswagens \u2713Laagste prijsgarantie \u2713Uit voorraad leverbaar.","og_url":"https:\/\/eurocarsbedrijfswagens.nl\/fr\/online-kopen-formulier\/","og_site_name":"Eurocars Bedrijfswagens","article_modified_time":"2024-09-05T09:24:27+00:00","twitter_card":"summary_large_image","schema":{"@context":"https:\/\/schema.org","@graph":[{"@type":"WebPage","@id":"https:\/\/eurocarsbedrijfswagens.nl\/online-kopen-formulier\/","url":"https:\/\/eurocarsbedrijfswagens.nl\/online-kopen-formulier\/","name":"Acheter - V\u00e9hicules utilitaires Eurocars","isPartOf":{"@id":"https:\/\/eurocarsbedrijfswagens.nl\/#website"},"datePublished":"2022-01-14T08:47:58+00:00","dateModified":"2024-09-05T09:24:27+00:00","description":"Vous souhaitez acheter un v\u00e9hicule utilitaire\u00a0? D\u00e9couvrez Eurocars V\u00e9hicules Utilitaires. \u2713 Garantie du meilleur prix \u2713 Disponible en stock.","breadcrumb":{"@id":"https:\/\/eurocarsbedrijfswagens.nl\/online-kopen-formulier\/#breadcrumb"},"inLanguage":"fr-FR","potentialAction":[{"@type":"ReadAction","target":["https:\/\/eurocarsbedrijfswagens.nl\/online-kopen-formulier\/"]}]},{"@type":"BreadcrumbList","@id":"https:\/\/eurocarsbedrijfswagens.nl\/online-kopen-formulier\/#breadcrumb","itemListElement":[{"@type":"ListItem","position":1,"name":"Home","item":"https:\/\/eurocarsbedrijfswagens.nl\/"},{"@type":"ListItem","position":2,"name":"Kopen"}]},{"@type":"WebSite","@id":"https:\/\/eurocarsbedrijfswagens.nl\/#website","url":"https:\/\/eurocarsbedrijfswagens.nl\/","name":"V\u00e9hicules utilitaires Eurocars","description":"Chez Eurocars, vous pouvez acheter ou louer une voiture de soci\u00e9t\u00e9 \u00e0 un tarif tr\u00e8s comp\u00e9titif.","potentialAction":[{"@type":"SearchAction","target":{"@type":"EntryPoint","urlTemplate":"https:\/\/eurocarsbedrijfswagens.nl\/?s={search_term_string}"},"query-input":{"@type":"PropertyValueSpecification","valueRequired":true,"valueName":"search_term_string"}}],"inLanguage":"fr-FR"}]}},"_links":{"self":[{"href":"https:\/\/eurocarsbedrijfswagens.nl\/fr\/wp-json\/wp\/v2\/pages\/87","targetHints":{"allow":["GET"]}}],"collection":[{"href":"https:\/\/eurocarsbedrijfswagens.nl\/fr\/wp-json\/wp\/v2\/pages"}],"about":[{"href":"https:\/\/eurocarsbedrijfswagens.nl\/fr\/wp-json\/wp\/v2\/types\/page"}],"author":[{"embeddable":true,"href":"https:\/\/eurocarsbedrijfswagens.nl\/fr\/wp-json\/wp\/v2\/users\/3"}],"replies":[{"embeddable":true,"href":"https:\/\/eurocarsbedrijfswagens.nl\/fr\/wp-json\/wp\/v2\/comments?post=87"}],"version-history":[{"count":17,"href":"https:\/\/eurocarsbedrijfswagens.nl\/fr\/wp-json\/wp\/v2\/pages\/87\/revisions"}],"predecessor-version":[{"id":2926977,"href":"https:\/\/eurocarsbedrijfswagens.nl\/fr\/wp-json\/wp\/v2\/pages\/87\/revisions\/2926977"}],"wp:attachment":[{"href":"https:\/\/eurocarsbedrijfswagens.nl\/fr\/wp-json\/wp\/v2\/media?parent=87"}],"curies":[{"name":"wp","href":"https:\/\/api.w.org\/{rel}","templated":true}]}}